{"id":2,"date":"2016-05-01T21:44:27","date_gmt":"2016-05-01T19:44:27","guid":{"rendered":"http:\/\/heilpraktiker.bplaced.net\/?page_id=2"},"modified":"2025-02-25T10:54:12","modified_gmt":"2025-02-25T09:54:12","slug":"einleitung-2","status":"publish","type":"page","link":"http:\/\/heilpraktiker.bplaced.net\/","title":{"rendered":"Einleitung"},"content":{"rendered":"<p style=\"text-align: center;\"><img loading=\"lazy\" decoding=\"async\" class=\"aligncenter size-full wp-image-16\" src=\"http:\/\/heilpraktiker.bplaced.net\/wp-content\/uploads\/2016\/05\/background-e1462265737159.jpg\" alt=\"logo\" width=\"1213\" height=\"932\" \/><\/p>\n<p style=\"text-align: justify;\">Viele\u00a0Menschen haben k\u00f6rperliche Dysbalancen ohne sp\u00fcrbare Beeintr\u00e4chtigungen. Wenn jedoch Schmerzen und\/oder Bewegungseinschr\u00e4nkungen auftreten, wird offensichtlich dass der K\u00f6rper aus der Balance geraten ist. Es gibt hierf\u00fcr eine Vielzahl von m\u00f6glichen Ursachen. Der menschliche K\u00f6rper besteht aus vielen komplexen Bestandteilen und Verbindungen. St\u00f6rungen oder Dysfunktionen von kleinsten Strukturen k\u00f6nnen sich auf den gesamten Organismus negativ auswirken. Stress und einseitige Belastungen beg\u00fcnstigen zudem die Entstehung von Problemen vorrangig im Bewegungsapparat, wie zum Beispiel R\u00fcckenschmerzen. Durch eine effiziente Behandlung und\/oder gezieltem funktionellem Training k\u00f6nnen k\u00f6rperliche Einschr\u00e4nkungen aufgel\u00f6st oder zumindest reduziert werden. Dabei bin ich Ihnen gerne behilflich&#8230;<br \/>\nMit sportlichen Gr\u00fc\u00dfen<\/p>\n<p style=\"text-align: center;\">Tobias Christoph<br \/>\nHeilpraktiker und Personal Trainer<\/p>\n","protected":false},"excerpt":{"rendered":"<p>Viele\u00a0Menschen haben k\u00f6rperliche Dysbalancen ohne sp\u00fcrbare Beeintr\u00e4chtigungen. Wenn jedoch Schmerzen und\/oder Bewegungseinschr\u00e4nkungen auftreten, wird offensichtlich dass der K\u00f6rper aus der Balance geraten ist. Es gibt hierf\u00fcr eine Vielzahl von m\u00f6glichen Ursachen. Der menschliche K\u00f6rper besteht aus vielen komplexen Bestandteilen und Verbindungen. St\u00f6rungen oder Dysfunktionen von kleinsten Strukturen k\u00f6nnen sich auf den gesamten Organismus negativ auswirken.&hellip;<\/p>\n","protected":false},"author":1,"featured_media":0,"parent":0,"menu_order":0,"comment_status":"closed","ping_status":"open","template":"","meta":{"footnotes":""},"class_list":["post-2","page","type-page","status-publish","hentry","no-post-thumbnail","post-grid-3-col","entry"],"_links":{"self":[{"href":"http:\/\/heilpraktiker.bplaced.net\/index.php?rest_route=\/wp\/v2\/pages\/2","targetHints":{"allow":["GET"]}}],"collection":[{"href":"http:\/\/heilpraktiker.bplaced.net\/index.php?rest_route=\/wp\/v2\/pages"}],"about":[{"href":"http:\/\/heilpraktiker.bplaced.net\/index.php?rest_route=\/wp\/v2\/types\/page"}],"author":[{"embeddable":true,"href":"http:\/\/heilpraktiker.bplaced.net\/index.php?rest_route=\/wp\/v2\/users\/1"}],"replies":[{"embeddable":true,"href":"http:\/\/heilpraktiker.bplaced.net\/index.php?rest_route=%2Fwp%2Fv2%2Fcomments&post=2"}],"version-history":[{"count":13,"href":"http:\/\/heilpraktiker.bplaced.net\/index.php?rest_route=\/wp\/v2\/pages\/2\/revisions"}],"predecessor-version":[{"id":283,"href":"http:\/\/heilpraktiker.bplaced.net\/index.php?rest_route=\/wp\/v2\/pages\/2\/revisions\/283"}],"wp:attachment":[{"href":"http:\/\/heilpraktiker.bplaced.net\/index.php?rest_route=%2Fwp%2Fv2%2Fmedia&parent=2"}],"curies":[{"name":"wp","href":"https:\/\/api.w.org\/{rel}","templated":true}]}}