{"id":38,"date":"2016-05-02T00:25:18","date_gmt":"2016-05-01T22:25:18","guid":{"rendered":"http:\/\/heilpraktiker.bplaced.net\/?page_id=38"},"modified":"2025-02-24T15:53:17","modified_gmt":"2025-02-24T14:53:17","slug":"einleitung","status":"publish","type":"page","link":"http:\/\/heilpraktiker.bplaced.net\/?page_id=38","title":{"rendered":"Angebot"},"content":{"rendered":"<div id=\"headline1\"><img loading=\"lazy\" decoding=\"async\" class=\"aligncenter size-full wp-image-247\" src=\"http:\/\/heilpraktiker.bplaced.net\/wp-content\/uploads\/2016\/05\/angebot.jpg\" alt=\"angebot\" width=\"800\" height=\"530\" srcset=\"http:\/\/heilpraktiker.bplaced.net\/wp-content\/uploads\/2016\/05\/angebot.jpg 800w, http:\/\/heilpraktiker.bplaced.net\/wp-content\/uploads\/2016\/05\/angebot-300x199.jpg 300w, http:\/\/heilpraktiker.bplaced.net\/wp-content\/uploads\/2016\/05\/angebot-768x509.jpg 768w\" sizes=\"auto, (max-width: 800px) 100vw, 800px\" \/><\/div>\n<div><\/div>\n<div>\n<div style=\"text-align: justify;\">Hier ein Auszug aus den M\u00f6glichkeiten, die Ich anbieten kann. Sollten Sie Fragen haben, oder eine Beratung w\u00fcnschen, so k\u00f6nnen Sie mich gerne kontaktieren.<\/div>\n<div style=\"text-align: justify;\"><\/div>\n<p id=\"text11\" style=\"text-align: justify;\">Als Personal Trainer und Heilpraktiker\u00a0liegt mein Schwerpunkt im Behandlungsbereich von Beschwerden im Bewegungsapparat und gezieltem Training.\u00a0 Hierf\u00fcr biete ich folgende Dienstleistungen an:<\/p>\n<p style=\"text-align: center;\"><strong>* Personal Training<\/strong><br \/>\n<strong> * Chiropraktik<\/strong><br \/>\n<strong> * Osteopathie<\/strong><br \/>\n<strong>* P-DTR\u00a9<\/strong><\/p>\n<p style=\"text-align: center;\">\n<div>\n<p style=\"text-align: center;\">Download: <a title=\"Flyer\" href=\"http:\/\/www.tobias-christoph.de\/img\/flyer.pdf\" target=\"_blank\">Aktueller Flyer(.pdf-Datei-&gt; 1,6Mb)<\/a><\/p>\n<\/div>\n<\/div>\n","protected":false},"excerpt":{"rendered":"<p>Hier ein Auszug aus den M\u00f6glichkeiten, die Ich anbieten kann. Sollten Sie Fragen haben, oder eine Beratung w\u00fcnschen, so k\u00f6nnen Sie mich gerne kontaktieren. Als Personal Trainer und Heilpraktiker\u00a0liegt mein Schwerpunkt im Behandlungsbereich von Beschwerden im Bewegungsapparat und gezieltem Training.\u00a0 Hierf\u00fcr biete ich folgende Dienstleistungen an: * Personal Training * Chiropraktik * Osteopathie * P-DTR\u00a9&hellip;<\/p>\n","protected":false},"author":1,"featured_media":0,"parent":0,"menu_order":0,"comment_status":"closed","ping_status":"closed","template":"","meta":{"footnotes":""},"class_list":["post-38","page","type-page","status-publish","hentry","no-post-thumbnail","post-grid-3-col","entry"],"_links":{"self":[{"href":"http:\/\/heilpraktiker.bplaced.net\/index.php?rest_route=\/wp\/v2\/pages\/38","targetHints":{"allow":["GET"]}}],"collection":[{"href":"http:\/\/heilpraktiker.bplaced.net\/index.php?rest_route=\/wp\/v2\/pages"}],"about":[{"href":"http:\/\/heilpraktiker.bplaced.net\/index.php?rest_route=\/wp\/v2\/types\/page"}],"author":[{"embeddable":true,"href":"http:\/\/heilpraktiker.bplaced.net\/index.php?rest_route=\/wp\/v2\/users\/1"}],"replies":[{"embeddable":true,"href":"http:\/\/heilpraktiker.bplaced.net\/index.php?rest_route=%2Fwp%2Fv2%2Fcomments&post=38"}],"version-history":[{"count":21,"href":"http:\/\/heilpraktiker.bplaced.net\/index.php?rest_route=\/wp\/v2\/pages\/38\/revisions"}],"predecessor-version":[{"id":280,"href":"http:\/\/heilpraktiker.bplaced.net\/index.php?rest_route=\/wp\/v2\/pages\/38\/revisions\/280"}],"wp:attachment":[{"href":"http:\/\/heilpraktiker.bplaced.net\/index.php?rest_route=%2Fwp%2Fv2%2Fmedia&parent=38"}],"curies":[{"name":"wp","href":"https:\/\/api.w.org\/{rel}","templated":true}]}}